{"id":528,"date":"2020-12-07T19:55:05","date_gmt":"2020-12-08T00:55:05","guid":{"rendered":"http:\/\/tagualodge.com\/?page_id=528"},"modified":"2020-12-07T20:40:33","modified_gmt":"2020-12-08T01:40:33","slug":"taguablack","status":"publish","type":"page","link":"https:\/\/tagualodge.com\/es\/taguablack\/","title":{"rendered":"Taguablack"},"content":{"rendered":"<img decoding=\"async\" data-src=\"http:\/\/tagualodge.com\/wp-content\/uploads\/2020\/12\/LogoFinalTrans.png\" alt=\"LogoFinalTrans\" itemprop=\"image\" title=\"LogoFinalTrans\" onerror=\"this.style.display='none'\" src=\"data:image\/gif;base64,R0lGODlhAQABAAAAACH5BAEKAAEALAAAAAABAAEAAAICTAEAOw==\" class=\"lazyload\" \/><noscript><img decoding=\"async\" src=\"http:\/\/tagualodge.com\/wp-content\/uploads\/2020\/12\/LogoFinalTrans.png\" alt=\"LogoFinalTrans\" itemprop=\"image\" title=\"LogoFinalTrans\" onerror=\"this.style.display='none'\"  \/><\/noscript>\n\t\n\t\n\t<a href=\"tel:593981377119\">Tel:+593 (0) 981377119 <\/a> \/<br \/>\n<ahref=\"mailto:tagualodgehostel@gmail.com\">tagualodgehostel@gmail.com\n\t\t\t\t<img decoding=\"async\" data-src=\"http:\/\/tagualodge.com\/wp-content\/uploads\/2020\/12\/LogoFinalTranswhite-300x300.png\" alt=\"LogoFinalTranswhite\" itemprop=\"image\" title=\"LogoFinalTranswhite\" onerror=\"this.style.display='none'\" src=\"data:image\/gif;base64,R0lGODlhAQABAAAAACH5BAEKAAEALAAAAAABAAEAAAICTAEAOw==\" class=\"lazyload\" style=\"--smush-placeholder-width: 300px; --smush-placeholder-aspect-ratio: 300\/300;\" \/><noscript><img decoding=\"async\" src=\"http:\/\/tagualodge.com\/wp-content\/uploads\/2020\/12\/LogoFinalTranswhite-300x300.png\" alt=\"LogoFinalTranswhite\" itemprop=\"image\" title=\"LogoFinalTranswhite\" onerror=\"this.style.display='none'\"  \/><\/noscript>\n\t<p>Bienvenido a Tagua Lodge<\/p>\n\t<h3>Ofertas de \u00faltima hora<\/h3>\t\t\n\t15% de descuento!<br \/>\nPara reservas realizadas un d\u00eda antes.\n\t<br \/>\n<p class=\"wpcf7-contact-form-not-found\"><strong>Error:<\/strong> Formulario de contacto no encontrado.<\/p>\n\t<h3>1 semana playera<\/h3>\t\t\n\tOne night free<br \/>\nReserve 6 d\u00edas y recibir\u00e1 una noche gratis.\n<h2>\n\t\tBienvenido a Tagua Lodge\n\t<\/h2>\n\tLo invitamos a disfrutar un mundo especial donde la hospitalidad en combinaci\u00f3n con elementos t\u00edpicos de la regi\u00f3n crean un estilo \u00fanico logrando un refugio acogedor.<br \/>\nEl ambiente conecta a nuestros hu\u00e9spedes con la naturaleza y la magia del mar.<br \/>\nEn las areas sociales puede disfrutar del jardin con una terraza, hamacas y area de parrillada.<br \/>\nEquipado con una  cocina para que sus hu\u00e9spedes puedan preparar su propio desayuno, almuerzo o cena.<br \/>\nDisfrute su estancia en Tagua Lodge donde el tiempo tiene su propio ritmo.\n\t\t\t<a href=\"#contact\" target=\"_self\" role=\"button\" rel=\"noopener noreferrer\">\n\t\t\t\t\t\tReservar ahora\n\t\t\t\t\t<\/a>\n<h2>\n\t\tHospedaje\n\t<\/h2>\n\t\t\t\t<a href=\"http:\/\/tagualodge.com\/es\/rooms\/\" target=\"_self\" itemprop=\"url\" rel=\"noopener noreferrer\">\n\t\t\t\t<img loading=\"lazy\" decoding=\"async\" data-src=\"https:\/\/tagualodge.com\/wp-content\/uploads\/2015\/03\/WhatsApp-Image-2020-01-12-at-18.22.59-3.jpeg\" alt=\"Rooms\" itemprop=\"image\" height=\"683\" width=\"1024\" title=\"WhatsApp Image 2020-01-12 at 18.22.59 (3)\" onerror=\"this.style.display='none'\" src=\"data:image\/gif;base64,R0lGODlhAQABAAAAACH5BAEKAAEALAAAAAABAAEAAAICTAEAOw==\" class=\"lazyload\" style=\"--smush-placeholder-width: 1024px; --smush-placeholder-aspect-ratio: 1024\/683;\" \/><noscript><img loading=\"lazy\" decoding=\"async\" src=\"https:\/\/tagualodge.com\/wp-content\/uploads\/2015\/03\/WhatsApp-Image-2020-01-12-at-18.22.59-3.jpeg\" alt=\"Rooms\" itemprop=\"image\" height=\"683\" width=\"1024\" title=\"WhatsApp Image 2020-01-12 at 18.22.59 (3)\" onerror=\"this.style.display='none'\"  \/><\/noscript>\n\t\t\t\t<\/a>\n<h2>\n\t\t<a href=\"https:\/\/tagualodge.com\/es\/rooms\/\" title=\"Habitaciones\" target=\"_self\" rel=\"noopener noreferrer\">\n\t\tHabitaciones\n\t\t<\/a>\n\t<\/h2>\n\t<p>Las habitaciones individualmente dise\u00f1adas dan un ambiente noble y aut\u00e9ntico.<\/p>\n<p>Cada habitaci\u00f3n est\u00e1 equipada con pisos de cer\u00e1mica italiana, aire acondicionado o ventilador de techo y tienen ba\u00f1o privado con agua caliente.<\/p>\n\t\t\t\t<a href=\"http:\/\/tagualodge.com\/es\/apartments\/\" target=\"_self\" itemprop=\"url\" rel=\"noopener noreferrer\">\n\t\t\t\t<img loading=\"lazy\" decoding=\"async\" data-src=\"https:\/\/tagualodge.com\/wp-content\/uploads\/2015\/03\/WhatsApp-Image-2020-01-12-at-18.23.00-1024x685.jpeg\" alt=\"Apartments\" itemprop=\"image\" height=\"685\" width=\"1024\" title=\"WhatsApp Image 2020-01-12 at 18.23.00\" onerror=\"this.style.display='none'\" src=\"data:image\/gif;base64,R0lGODlhAQABAAAAACH5BAEKAAEALAAAAAABAAEAAAICTAEAOw==\" class=\"lazyload\" style=\"--smush-placeholder-width: 1024px; --smush-placeholder-aspect-ratio: 1024\/685;\" \/><noscript><img loading=\"lazy\" decoding=\"async\" src=\"https:\/\/tagualodge.com\/wp-content\/uploads\/2015\/03\/WhatsApp-Image-2020-01-12-at-18.23.00-1024x685.jpeg\" alt=\"Apartments\" itemprop=\"image\" height=\"685\" width=\"1024\" title=\"WhatsApp Image 2020-01-12 at 18.23.00\" onerror=\"this.style.display='none'\"  \/><\/noscript>\n\t\t\t\t<\/a>\n<h2>\n\t\t<a href=\"https:\/\/tagualodge.com\/es\/apartments\/\" title=\"Apartamentos\" target=\"_self\" rel=\"noopener noreferrer\">\n\t\tApartamentos\n\t\t<\/a>\n\t<\/h2>\n\t<p>Las habitaciones individualmente dise\u00f1adas dan un ambiente noble y aut\u00e9ntico.<\/p>\n<p>Ideal for longer term guests who&#8217;d like a bit more comfort.<\/p>\n<p>Suficientemente grande para sentirse como en casa.<\/p>\n\t<iframe data-src=\"https:\/\/www.google.com\/maps\/embed\/v1\/place?q=Tagua+Lodge&#038;key=AIzaSyD09zQ9PNDNNy9TadMuzRV_UsPUoWKntt8\" aria-hidden=\"true\" src=\"data:image\/gif;base64,R0lGODlhAQABAAAAACH5BAEKAAEALAAAAAABAAEAAAICTAEAOw==\" class=\"lazyload\" data-load-mode=\"1\"><\/iframe>\n\t<p class=\"wpcf7-contact-form-not-found\"><strong>Error:<\/strong> Formulario de contacto no encontrado.<\/p>\n\t\t\t<a href=\"https:\/\/wa.me\/593962727464\" target=\"_self\" role=\"button\" rel=\"noopener noreferrer\">\n\t\t\t\t\t\tWhatsApp\n\t\t\t\t\t<\/a>\n\t\t\t<a href=\"https:\/\/www.instagram.com\/tagualodge_hostel_manglaralto\/\" target=\"_self\" role=\"button\" rel=\"noopener noreferrer\">\n\t\t\t\t\t\tInstagram\n\t\t\t\t\t<\/a>\n\t\t\t\t<img decoding=\"async\" data-src=\"https:\/\/rows.demos.wpbeaverbuilder.com\/wp-content\/uploads\/sites\/27\/2017\/07\/rawpixel-423648-unsplash-1-1024x762.jpg\" alt=\"\" itemprop=\"image\" onerror=\"this.style.display='none'\" src=\"data:image\/gif;base64,R0lGODlhAQABAAAAACH5BAEKAAEALAAAAAABAAEAAAICTAEAOw==\" class=\"lazyload\" style=\"--smush-placeholder-width: 1024px; --smush-placeholder-aspect-ratio: 1024\/762;\" \/><noscript><img decoding=\"async\" data-src=\"https:\/\/rows.demos.wpbeaverbuilder.com\/wp-content\/uploads\/sites\/27\/2017\/07\/rawpixel-423648-unsplash-1-1024x762.jpg\" alt=\"\" itemprop=\"image\" onerror=\"this.style.display='none'\" src=\"data:image\/gif;base64,R0lGODlhAQABAAAAACH5BAEKAAEALAAAAAABAAEAAAICTAEAOw==\" class=\"lazyload\" style=\"--smush-placeholder-width: 1024px; --smush-placeholder-aspect-ratio: 1024\/762;\" \/><noscript><img decoding=\"async\" src=\"https:\/\/rows.demos.wpbeaverbuilder.com\/wp-content\/uploads\/sites\/27\/2017\/07\/rawpixel-423648-unsplash-1-1024x762.jpg\" alt=\"\" itemprop=\"image\" onerror=\"this.style.display='none'\"  \/><\/noscript><\/noscript>\n\t<p>Considerado como un Mini Gal\u00e1pagos, es el primer atractivo turistico del Parque Nacional Machalilla. Ubicado a 40 Km de la costa de Puerto L\u00f3pez.<\/p>\n\t\t\t\t<img decoding=\"async\" data-src=\"https:\/\/rows.demos.wpbeaverbuilder.com\/wp-content\/uploads\/sites\/27\/2017\/07\/jordan-mcqueen-99272-unsplash-1024x683.jpg\" alt=\"\" itemprop=\"image\" onerror=\"this.style.display='none'\" src=\"data:image\/gif;base64,R0lGODlhAQABAAAAACH5BAEKAAEALAAAAAABAAEAAAICTAEAOw==\" class=\"lazyload\" style=\"--smush-placeholder-width: 1024px; --smush-placeholder-aspect-ratio: 1024\/683;\" \/><noscript><img decoding=\"async\" data-src=\"https:\/\/rows.demos.wpbeaverbuilder.com\/wp-content\/uploads\/sites\/27\/2017\/07\/jordan-mcqueen-99272-unsplash-1024x683.jpg\" alt=\"\" itemprop=\"image\" onerror=\"this.style.display='none'\" src=\"data:image\/gif;base64,R0lGODlhAQABAAAAACH5BAEKAAEALAAAAAABAAEAAAICTAEAOw==\" class=\"lazyload\" style=\"--smush-placeholder-width: 1024px; --smush-placeholder-aspect-ratio: 1024\/683;\" \/><noscript><img decoding=\"async\" src=\"https:\/\/rows.demos.wpbeaverbuilder.com\/wp-content\/uploads\/sites\/27\/2017\/07\/jordan-mcqueen-99272-unsplash-1024x683.jpg\" alt=\"\" itemprop=\"image\" onerror=\"this.style.display='none'\"  \/><\/noscript><\/noscript>\n\tDisfruta de una excursi\u00f3n de surf guiada en los mejores lugares con nuestros amigos \u00c1lvaro y Anita.<br \/>\n<br \/>\n<a href=\"http:\/\/www.manglaralto-surf.com\">www.manglaralto-surf.com<\/a>\n\t\t\t\t<img decoding=\"async\" data-src=\"https:\/\/rows.demos.wpbeaverbuilder.com\/wp-content\/uploads\/sites\/27\/2017\/07\/mark-harpur-3135-unsplash-1-1-1024x655.jpg\" alt=\"\" itemprop=\"image\" onerror=\"this.style.display='none'\" src=\"data:image\/gif;base64,R0lGODlhAQABAAAAACH5BAEKAAEALAAAAAABAAEAAAICTAEAOw==\" class=\"lazyload\" style=\"--smush-placeholder-width: 1024px; --smush-placeholder-aspect-ratio: 1024\/655;\" \/><noscript><img decoding=\"async\" data-src=\"https:\/\/rows.demos.wpbeaverbuilder.com\/wp-content\/uploads\/sites\/27\/2017\/07\/mark-harpur-3135-unsplash-1-1-1024x655.jpg\" alt=\"\" itemprop=\"image\" onerror=\"this.style.display='none'\" src=\"data:image\/gif;base64,R0lGODlhAQABAAAAACH5BAEKAAEALAAAAAABAAEAAAICTAEAOw==\" class=\"lazyload\" style=\"--smush-placeholder-width: 1024px; --smush-placeholder-aspect-ratio: 1024\/655;\" \/><noscript><img decoding=\"async\" src=\"https:\/\/rows.demos.wpbeaverbuilder.com\/wp-content\/uploads\/sites\/27\/2017\/07\/mark-harpur-3135-unsplash-1-1-1024x655.jpg\" alt=\"\" itemprop=\"image\" onerror=\"this.style.display='none'\"  \/><\/noscript><\/noscript>\n\tViaje guiado a una cascada escondida y piscinas naturales.<br \/>\n Conecta con la naturaleza, la flora y la fauna.\n\t\t\t\t<img decoding=\"async\" data-src=\"https:\/\/rows.demos.wpbeaverbuilder.com\/wp-content\/uploads\/sites\/27\/2017\/07\/rawpixel-423648-unsplash-1-1024x762.jpg\" alt=\"\" itemprop=\"image\" onerror=\"this.style.display='none'\" src=\"data:image\/gif;base64,R0lGODlhAQABAAAAACH5BAEKAAEALAAAAAABAAEAAAICTAEAOw==\" class=\"lazyload\" style=\"--smush-placeholder-width: 1024px; --smush-placeholder-aspect-ratio: 1024\/762;\" \/><noscript><img decoding=\"async\" data-src=\"https:\/\/rows.demos.wpbeaverbuilder.com\/wp-content\/uploads\/sites\/27\/2017\/07\/rawpixel-423648-unsplash-1-1024x762.jpg\" alt=\"\" itemprop=\"image\" onerror=\"this.style.display='none'\" src=\"data:image\/gif;base64,R0lGODlhAQABAAAAACH5BAEKAAEALAAAAAABAAEAAAICTAEAOw==\" class=\"lazyload\" style=\"--smush-placeholder-width: 1024px; --smush-placeholder-aspect-ratio: 1024\/762;\" \/><noscript><img decoding=\"async\" src=\"https:\/\/rows.demos.wpbeaverbuilder.com\/wp-content\/uploads\/sites\/27\/2017\/07\/rawpixel-423648-unsplash-1-1024x762.jpg\" alt=\"\" itemprop=\"image\" onerror=\"this.style.display='none'\"  \/><\/noscript><\/noscript>\n\t<p>Paseo en bote de avistamiento de ballenas Jorobadas entre Agosto y Octubre en Puerto L\u00f3pez.<\/p>\n\t\t\t\t<img decoding=\"async\" data-src=\"https:\/\/rows.demos.wpbeaverbuilder.com\/wp-content\/uploads\/sites\/27\/2017\/07\/jordan-mcqueen-99272-unsplash-1024x683.jpg\" alt=\"\" itemprop=\"image\" onerror=\"this.style.display='none'\" src=\"data:image\/gif;base64,R0lGODlhAQABAAAAACH5BAEKAAEALAAAAAABAAEAAAICTAEAOw==\" class=\"lazyload\" style=\"--smush-placeholder-width: 1024px; --smush-placeholder-aspect-ratio: 1024\/683;\" \/><noscript><img decoding=\"async\" data-src=\"https:\/\/rows.demos.wpbeaverbuilder.com\/wp-content\/uploads\/sites\/27\/2017\/07\/jordan-mcqueen-99272-unsplash-1024x683.jpg\" alt=\"\" itemprop=\"image\" onerror=\"this.style.display='none'\" src=\"data:image\/gif;base64,R0lGODlhAQABAAAAACH5BAEKAAEALAAAAAABAAEAAAICTAEAOw==\" class=\"lazyload\" style=\"--smush-placeholder-width: 1024px; --smush-placeholder-aspect-ratio: 1024\/683;\" \/><noscript><img decoding=\"async\" src=\"https:\/\/rows.demos.wpbeaverbuilder.com\/wp-content\/uploads\/sites\/27\/2017\/07\/jordan-mcqueen-99272-unsplash-1024x683.jpg\" alt=\"\" itemprop=\"image\" onerror=\"this.style.display='none'\"  \/><\/noscript><\/noscript>\n\t<p>Explore los senderos para Mountanbike en los alrededores de Manglaralto.<\/p>\n\t\t\t\t<img decoding=\"async\" data-src=\"https:\/\/rows.demos.wpbeaverbuilder.com\/wp-content\/uploads\/sites\/27\/2017\/07\/mark-harpur-3135-unsplash-1-1-1024x655.jpg\" alt=\"\" itemprop=\"image\" onerror=\"this.style.display='none'\" src=\"data:image\/gif;base64,R0lGODlhAQABAAAAACH5BAEKAAEALAAAAAABAAEAAAICTAEAOw==\" class=\"lazyload\" style=\"--smush-placeholder-width: 1024px; --smush-placeholder-aspect-ratio: 1024\/655;\" \/><noscript><img decoding=\"async\" data-src=\"https:\/\/rows.demos.wpbeaverbuilder.com\/wp-content\/uploads\/sites\/27\/2017\/07\/mark-harpur-3135-unsplash-1-1-1024x655.jpg\" alt=\"\" itemprop=\"image\" onerror=\"this.style.display='none'\" src=\"data:image\/gif;base64,R0lGODlhAQABAAAAACH5BAEKAAEALAAAAAABAAEAAAICTAEAOw==\" class=\"lazyload\" style=\"--smush-placeholder-width: 1024px; --smush-placeholder-aspect-ratio: 1024\/655;\" \/><noscript><img decoding=\"async\" src=\"https:\/\/rows.demos.wpbeaverbuilder.com\/wp-content\/uploads\/sites\/27\/2017\/07\/mark-harpur-3135-unsplash-1-1-1024x655.jpg\" alt=\"\" itemprop=\"image\" onerror=\"this.style.display='none'\"  \/><\/noscript><\/noscript>\n\t<p>El Ocaso Bar en Manglaralto sirve las mejores bebidas y c\u00f3cteles frente a la playa.<\/p>\n\t\n\t\n\t<p>Tagua Lodge<\/p>\n<p>Ecuador<\/p>\n\t<p>Calle 10 de Agosto<\/p>\n<p>Manglaralto, Santa Elena<\/p>\n\t<p>Tel: +593 (0)962727464<\/p>\n<p>Email: tagualodgehostel@gmail.com<\/p>","protected":false},"excerpt":{"rendered":"<p>Tel:+593 (0) 981377119 \/ tagualodgehostel@gmail.com WELCOME TO TAGUA LODGE Last Minute Offers 15% off! For reservations made one day prior. One Week Beach Escape One night free Stay 6 days and get the 7th day free. Welcome to Tagua Lodge We invite you to enjoy a special world where hospitality in combination with typical elements&hellip;<\/p>","protected":false},"author":4,"featured_media":0,"parent":0,"menu_order":0,"comment_status":"closed","ping_status":"closed","template":"","meta":{"footnotes":""},"class_list":["post-528","page","type-page","status-publish","hentry"],"yoast_head":"<!-- This site is optimized with the Yoast SEO plugin v23.7 - https:\/\/yoast.com\/wordpress\/plugins\/seo\/ -->\n<title>Taguablack ~ Tagua Lodge<\/title>\n<meta name=\"robots\" content=\"index, follow, max-snippet:-1, max-image-preview:large, max-video-preview:-1\" \/>\n<link rel=\"canonical\" href=\"https:\/\/tagualodge.com\/es\/taguablack\/\" \/>\n<meta property=\"og:locale\" content=\"es_ES\" \/>\n<meta property=\"og:type\" content=\"article\" \/>\n<meta property=\"og:title\" content=\"Taguablack ~ Tagua Lodge\" \/>\n<meta property=\"og:description\" content=\"Tel:+593 (0) 981377119 \/ tagualodgehostel@gmail.com WELCOME TO TAGUA LODGE Last Minute Offers 15% off! For reservations made one day prior. One Week Beach Escape One night free Stay 6 days and get the 7th day free. Welcome to Tagua Lodge We invite you to enjoy a special world where hospitality in combination with typical elements&hellip;\" \/>\n<meta property=\"og:url\" content=\"https:\/\/tagualodge.com\/es\/taguablack\/\" \/>\n<meta property=\"og:site_name\" content=\"Tagua Lodge\" \/>\n<meta property=\"article:modified_time\" content=\"2020-12-08T01:40:33+00:00\" \/>\n<meta property=\"og:image\" content=\"http:\/\/tagualodge.com\/wp-content\/uploads\/2020\/12\/LogoFinalTrans.png\" \/>\n<meta name=\"twitter:card\" content=\"summary_large_image\" \/>\n<meta name=\"twitter:label1\" content=\"Tiempo de lectura\" \/>\n\t<meta name=\"twitter:data1\" content=\"2 minutes\" \/>\n<script type=\"application\/ld+json\" class=\"yoast-schema-graph\">{\"@context\":\"https:\/\/schema.org\",\"@graph\":[{\"@type\":\"WebPage\",\"@id\":\"https:\/\/tagualodge.com\/taguablack\/\",\"url\":\"https:\/\/tagualodge.com\/taguablack\/\",\"name\":\"Taguablack ~ Tagua Lodge\",\"isPartOf\":{\"@id\":\"https:\/\/tagualodge.com\/#website\"},\"primaryImageOfPage\":{\"@id\":\"https:\/\/tagualodge.com\/taguablack\/#primaryimage\"},\"image\":{\"@id\":\"https:\/\/tagualodge.com\/taguablack\/#primaryimage\"},\"thumbnailUrl\":\"http:\/\/tagualodge.com\/wp-content\/uploads\/2020\/12\/LogoFinalTrans.png\",\"datePublished\":\"2020-12-08T00:55:05+00:00\",\"dateModified\":\"2020-12-08T01:40:33+00:00\",\"breadcrumb\":{\"@id\":\"https:\/\/tagualodge.com\/taguablack\/#breadcrumb\"},\"inLanguage\":\"es-ES\",\"potentialAction\":[{\"@type\":\"ReadAction\",\"target\":[\"https:\/\/tagualodge.com\/taguablack\/\"]}]},{\"@type\":\"ImageObject\",\"inLanguage\":\"es-ES\",\"@id\":\"https:\/\/tagualodge.com\/taguablack\/#primaryimage\",\"url\":\"http:\/\/tagualodge.com\/wp-content\/uploads\/2020\/12\/LogoFinalTrans.png\",\"contentUrl\":\"http:\/\/tagualodge.com\/wp-content\/uploads\/2020\/12\/LogoFinalTrans.png\"},{\"@type\":\"BreadcrumbList\",\"@id\":\"https:\/\/tagualodge.com\/taguablack\/#breadcrumb\",\"itemListElement\":[{\"@type\":\"ListItem\",\"position\":1,\"name\":\"Home\",\"item\":\"https:\/\/tagualodge.com\/\"},{\"@type\":\"ListItem\",\"position\":2,\"name\":\"Taguablack\"}]},{\"@type\":\"WebSite\",\"@id\":\"https:\/\/tagualodge.com\/#website\",\"url\":\"https:\/\/tagualodge.com\/\",\"name\":\"Tagua Lodge\",\"description\":\"Your home on the beach\",\"publisher\":{\"@id\":\"https:\/\/tagualodge.com\/#organization\"},\"potentialAction\":[{\"@type\":\"SearchAction\",\"target\":{\"@type\":\"EntryPoint\",\"urlTemplate\":\"https:\/\/tagualodge.com\/?s={search_term_string}\"},\"query-input\":{\"@type\":\"PropertyValueSpecification\",\"valueRequired\":true,\"valueName\":\"search_term_string\"}}],\"inLanguage\":\"es-ES\"},{\"@type\":\"Organization\",\"@id\":\"https:\/\/tagualodge.com\/#organization\",\"name\":\"Tagua Lodge Hostel\",\"url\":\"https:\/\/tagualodge.com\/\",\"logo\":{\"@type\":\"ImageObject\",\"inLanguage\":\"es-ES\",\"@id\":\"https:\/\/tagualodge.com\/#\/schema\/logo\/image\/\",\"url\":\"https:\/\/tagualodge.com\/wp-content\/uploads\/2020\/12\/LogoFinalTransblue.png\",\"contentUrl\":\"https:\/\/tagualodge.com\/wp-content\/uploads\/2020\/12\/LogoFinalTransblue.png\",\"width\":900,\"height\":900,\"caption\":\"Tagua Lodge Hostel\"},\"image\":{\"@id\":\"https:\/\/tagualodge.com\/#\/schema\/logo\/image\/\"}}]}<\/script>\n<!-- \/ Yoast SEO plugin. -->","yoast_head_json":{"title":"Taguablack ~ Tagua Lodge","robots":{"index":"index","follow":"follow","max-snippet":"max-snippet:-1","max-image-preview":"max-image-preview:large","max-video-preview":"max-video-preview:-1"},"canonical":"https:\/\/tagualodge.com\/es\/taguablack\/","og_locale":"es_ES","og_type":"article","og_title":"Taguablack ~ Tagua Lodge","og_description":"Tel:+593 (0) 981377119 \/ tagualodgehostel@gmail.com WELCOME TO TAGUA LODGE Last Minute Offers 15% off! For reservations made one day prior. One Week Beach Escape One night free Stay 6 days and get the 7th day free. Welcome to Tagua Lodge We invite you to enjoy a special world where hospitality in combination with typical elements&hellip;","og_url":"https:\/\/tagualodge.com\/es\/taguablack\/","og_site_name":"Tagua Lodge","article_modified_time":"2020-12-08T01:40:33+00:00","og_image":[{"url":"http:\/\/tagualodge.com\/wp-content\/uploads\/2020\/12\/LogoFinalTrans.png"}],"twitter_card":"summary_large_image","twitter_misc":{"Tiempo de lectura":"2 minutes"},"schema":{"@context":"https:\/\/schema.org","@graph":[{"@type":"WebPage","@id":"https:\/\/tagualodge.com\/taguablack\/","url":"https:\/\/tagualodge.com\/taguablack\/","name":"Taguablack ~ Tagua Lodge","isPartOf":{"@id":"https:\/\/tagualodge.com\/#website"},"primaryImageOfPage":{"@id":"https:\/\/tagualodge.com\/taguablack\/#primaryimage"},"image":{"@id":"https:\/\/tagualodge.com\/taguablack\/#primaryimage"},"thumbnailUrl":"http:\/\/tagualodge.com\/wp-content\/uploads\/2020\/12\/LogoFinalTrans.png","datePublished":"2020-12-08T00:55:05+00:00","dateModified":"2020-12-08T01:40:33+00:00","breadcrumb":{"@id":"https:\/\/tagualodge.com\/taguablack\/#breadcrumb"},"inLanguage":"es-ES","potentialAction":[{"@type":"ReadAction","target":["https:\/\/tagualodge.com\/taguablack\/"]}]},{"@type":"ImageObject","inLanguage":"es-ES","@id":"https:\/\/tagualodge.com\/taguablack\/#primaryimage","url":"http:\/\/tagualodge.com\/wp-content\/uploads\/2020\/12\/LogoFinalTrans.png","contentUrl":"http:\/\/tagualodge.com\/wp-content\/uploads\/2020\/12\/LogoFinalTrans.png"},{"@type":"BreadcrumbList","@id":"https:\/\/tagualodge.com\/taguablack\/#breadcrumb","itemListElement":[{"@type":"ListItem","position":1,"name":"Home","item":"https:\/\/tagualodge.com\/"},{"@type":"ListItem","position":2,"name":"Taguablack"}]},{"@type":"WebSite","@id":"https:\/\/tagualodge.com\/#website","url":"https:\/\/tagualodge.com\/","name":"Tagua Lodge","description":"Your home on the beach","publisher":{"@id":"https:\/\/tagualodge.com\/#organization"},"potentialAction":[{"@type":"SearchAction","target":{"@type":"EntryPoint","urlTemplate":"https:\/\/tagualodge.com\/?s={search_term_string}"},"query-input":{"@type":"PropertyValueSpecification","valueRequired":true,"valueName":"search_term_string"}}],"inLanguage":"es-ES"},{"@type":"Organization","@id":"https:\/\/tagualodge.com\/#organization","name":"Tagua Lodge Hostel","url":"https:\/\/tagualodge.com\/","logo":{"@type":"ImageObject","inLanguage":"es-ES","@id":"https:\/\/tagualodge.com\/#\/schema\/logo\/image\/","url":"https:\/\/tagualodge.com\/wp-content\/uploads\/2020\/12\/LogoFinalTransblue.png","contentUrl":"https:\/\/tagualodge.com\/wp-content\/uploads\/2020\/12\/LogoFinalTransblue.png","width":900,"height":900,"caption":"Tagua Lodge Hostel"},"image":{"@id":"https:\/\/tagualodge.com\/#\/schema\/logo\/image\/"}}]}},"_links":{"self":[{"href":"https:\/\/tagualodge.com\/es\/wp-json\/wp\/v2\/pages\/528"}],"collection":[{"href":"https:\/\/tagualodge.com\/es\/wp-json\/wp\/v2\/pages"}],"about":[{"href":"https:\/\/tagualodge.com\/es\/wp-json\/wp\/v2\/types\/page"}],"author":[{"embeddable":true,"href":"https:\/\/tagualodge.com\/es\/wp-json\/wp\/v2\/users\/4"}],"replies":[{"embeddable":true,"href":"https:\/\/tagualodge.com\/es\/wp-json\/wp\/v2\/comments?post=528"}],"version-history":[{"count":0,"href":"https:\/\/tagualodge.com\/es\/wp-json\/wp\/v2\/pages\/528\/revisions"}],"wp:attachment":[{"href":"https:\/\/tagualodge.com\/es\/wp-json\/wp\/v2\/media?parent=528"}],"curies":[{"name":"wp","href":"https:\/\/api.w.org\/{rel}","templated":true}]}}