{"id":216,"date":"2020-11-09T13:07:02","date_gmt":"2020-11-09T18:07:02","guid":{"rendered":"http:\/\/tagualodge.com\/?page_id=216"},"modified":"2024-10-24T08:54:39","modified_gmt":"2024-10-24T13:54:39","slug":"tagua","status":"publish","type":"page","link":"https:\/\/tagualodge.com\/es\/","title":{"rendered":"Tagua"},"content":{"rendered":"<a href=\"https:\/\/www.tripadvisor.com\/Hotel_Review-g2386831-d7736691-Reviews-Tagua_Lodge_Hostel-Manglaralto_Santa_Elena_Province.html\" target=\"_blank\" rel=\"noopener\" itemprop=\"url\">\n\t\t\t\t<img loading=\"lazy\" decoding=\"async\" data-src=\"https:\/\/tagualodge.com\/wp-content\/uploads\/2022\/10\/0x0-252x300.png\" alt=\"0x0\" itemprop=\"image\" height=\"300\" width=\"252\" title=\"0x0\" onerror=\"this.style.display='none'\" src=\"data:image\/gif;base64,R0lGODlhAQABAAAAACH5BAEKAAEALAAAAAABAAEAAAICTAEAOw==\" class=\"lazyload\" style=\"--smush-placeholder-width: 252px; --smush-placeholder-aspect-ratio: 252\/300;\" \/><noscript><img loading=\"lazy\" decoding=\"async\" src=\"https:\/\/tagualodge.com\/wp-content\/uploads\/2022\/10\/0x0-252x300.png\" alt=\"0x0\" itemprop=\"image\" height=\"300\" width=\"252\" title=\"0x0\" onerror=\"this.style.display='none'\"  \/><\/noscript>\n\t\t\t\t<\/a>\n<h2>\n\t\tCont\u00e1cto\n\t<\/h2>\n\t\t\t\t<a href=\"https:\/\/www.booking.com\/hotel\/ec\/tagualodge-hostel-manglaralto.en-gb.html?aid=356980;label=gog235jc-1DCAsoQUIddGFndWFsb2RnZS1ob3N0ZWwtbWFuZ2xhcmFsdG9IM1gDaEGIAQGYAQm4ARfIAQzYAQPoAQGIAgGoAgO4ApKDtv0FwAIB0gIkZWIyZDZhYWEtMzQ3YS00OGMxLWEyNDctMTg3MTdjMDllNDdm2AIE4AIB;dist=0&#038;keep_landing=1&#038;sb_price_type=total&#038;type=total&#038;\" target=\"_blank\" rel=\"noopener\" itemprop=\"url\">\n\t\t\t\t<img loading=\"lazy\" decoding=\"async\" data-src=\"https:\/\/tagualodge.com\/wp-content\/uploads\/2022\/10\/Booking-Logo-e1666213985704-300x169.png\" alt=\"Booking-Logo\" itemprop=\"image\" height=\"169\" width=\"300\" title=\"Booking-Logo\" onerror=\"this.style.display='none'\" src=\"data:image\/gif;base64,R0lGODlhAQABAAAAACH5BAEKAAEALAAAAAABAAEAAAICTAEAOw==\" class=\"lazyload\" style=\"--smush-placeholder-width: 300px; --smush-placeholder-aspect-ratio: 300\/169;\" \/><noscript><img loading=\"lazy\" decoding=\"async\" src=\"https:\/\/tagualodge.com\/wp-content\/uploads\/2022\/10\/Booking-Logo-e1666213985704-300x169.png\" alt=\"Booking-Logo\" itemprop=\"image\" height=\"169\" width=\"300\" title=\"Booking-Logo\" onerror=\"this.style.display='none'\"  \/><\/noscript>\n\t\t\t\t<\/a>\n<h2>\n\t\tReservar ahora\n\t<\/h2>\n<h2>\n\t\tBienvenido a Tagua Lodge\n\t<\/h2>\n\tLo invitamos a disfrutar un mundo especial donde la hospitalidad en combinaci\u00f3n con elementos t\u00edpicos de la regi\u00f3n crean un estilo \u00fanico logrando un refugio acogedor.<br \/>\nEl ambiente conecta a nuestros hu\u00e9spedes con la naturaleza y la magia del mar.<br \/>\nEn las areas sociales puede disfrutar del jardin con una terraza, hamacas y area de parrillada.<br \/>\nEquipado con una  cocina para que sus hu\u00e9spedes puedan preparar su propio desayuno, almuerzo o cena.<br \/>\nDisfrute su estancia en Tagua Lodge donde el tiempo tiene su propio ritmo.\n\t<div class=\"lyte-wrapper fourthree\" title=\"Tagua Lodge - Manglaralto - Full Tour\" style=\"width:480px;max-width:100%;margin:5px auto;\"><div class=\"lyMe\" id=\"WYL_1WhuxlQy2kQ\"><div id=\"lyte_1WhuxlQy2kQ\" data-src=\"https:\/\/tagualodge.com\/wp-content\/plugins\/wp-youtube-lyte\/lyteCache.php?origThumbUrl=https%3A%2F%2Fi.ytimg.com%2Fvi%2F1WhuxlQy2kQ%2Fhqdefault.jpg\" class=\"pL\"><div class=\"tC\"><div class=\"tT\">Tagua Lodge - Manglaralto - Full Tour<\/div><\/div><div class=\"play\"><\/div><div class=\"ctrl\"><div class=\"Lctrl\"><\/div><div class=\"Rctrl\"><\/div><\/div><\/div><noscript><a href=\"https:\/\/youtu.be\/1WhuxlQy2kQ\" rel=\"nofollow\"><img loading=\"lazy\" decoding=\"async\" src=\"https:\/\/tagualodge.com\/wp-content\/plugins\/wp-youtube-lyte\/lyteCache.php?origThumbUrl=https%3A%2F%2Fi.ytimg.com%2Fvi%2F1WhuxlQy2kQ%2F0.jpg\" alt=\"Tagua Lodge - Manglaralto - Full Tour\" width=\"480\" height=\"340\" \/><br \/>Watch this video on YouTube<\/a><\/noscript><\/div><\/div><div class=\"lL\" style=\"max-width:100%;width:480px;margin:5px auto;\"><\/div>\n\t\t\t<a href=\"#contact\" target=\"_self\" rel=\"noopener\">\n\t\t\t\t\t\tReservar ahora\n\t\t\t\t\t<\/a>\n<h2>\n\t\tHospedaje\n\t<\/h2>\n\t\t\t\t<a href=\"http:\/\/tagualodge.com\/es\/rooms\/\" target=\"_self\" itemprop=\"url\" rel=\"noopener\">\n\t\t\t\t<img decoding=\"async\" data-src=\"http:\/\/tagualodge.com\/wp-content\/uploads\/2021\/05\/Tagua-Habitacion-sin-aire-3.jpg\" alt=\"Tagua Habitacion sin aire-3\" itemprop=\"image\" title=\"Tagua Habitacion sin aire-3\" onerror=\"this.style.display='none'\" src=\"data:image\/gif;base64,R0lGODlhAQABAAAAACH5BAEKAAEALAAAAAABAAEAAAICTAEAOw==\" class=\"lazyload\" \/><noscript><img decoding=\"async\" src=\"http:\/\/tagualodge.com\/wp-content\/uploads\/2021\/05\/Tagua-Habitacion-sin-aire-3.jpg\" alt=\"Tagua Habitacion sin aire-3\" itemprop=\"image\" title=\"Tagua Habitacion sin aire-3\" onerror=\"this.style.display='none'\"  \/><\/noscript>\n\t\t\t\t<\/a>\n<h2>\n\t\t<a href=\"https:\/\/tagualodge.com\/es\/rooms\/\" title=\"Habitaciones\" target=\"_self\" rel=\"noopener\">\n\t\tHabitaciones\n\t\t<\/a>\n\t<\/h2>\n\t<p>Las habitaciones individualmente dise\u00f1adas dan un ambiente noble y aut\u00e9ntico.<\/p>\n<p>Cada habitaci\u00f3n est\u00e1 equipada con pisos de cer\u00e1mica italiana, aire acondicionado o ventilador de techo y tienen ba\u00f1o privado con agua caliente.<\/p>\n\t\t\t\t<a href=\"http:\/\/tagualodge.com\/es\/apartments\/\" target=\"_self\" itemprop=\"url\" rel=\"noopener\">\n\t\t\t\t<img decoding=\"async\" data-src=\"http:\/\/tagualodge.com\/wp-content\/uploads\/2021\/05\/Tagua_-13-3.jpg\" alt=\"Tagua_-13\" itemprop=\"image\" title=\"Tagua_-13\" onerror=\"this.style.display='none'\" src=\"data:image\/gif;base64,R0lGODlhAQABAAAAACH5BAEKAAEALAAAAAABAAEAAAICTAEAOw==\" class=\"lazyload\" \/><noscript><img decoding=\"async\" src=\"http:\/\/tagualodge.com\/wp-content\/uploads\/2021\/05\/Tagua_-13-3.jpg\" alt=\"Tagua_-13\" itemprop=\"image\" title=\"Tagua_-13\" onerror=\"this.style.display='none'\"  \/><\/noscript>\n\t\t\t\t<\/a>\n<h2>\n\t\t<a href=\"https:\/\/tagualodge.com\/es\/apartments\/\" title=\"Apartamentos\" target=\"_self\" rel=\"noopener\">\n\t\tApartamentos\n\t\t<\/a>\n\t<\/h2>\n\t<p>Los apartamentos individualmente dise\u00f1ados dan un ambiente noble y aut\u00e9ntico.<\/p>\n<p>Ideal for longer term guests who&#8217;d like a bit more comfort.<\/p>\n<p>Suficientemente grande para sentirse como en casa.<\/p>\n\t<iframe data-src=\"https:\/\/www.google.com\/maps\/embed\/v1\/place?q=Tagua+Lodge+Hostel+Manglaralto&#038;key=AIzaSyD09zQ9PNDNNy9TadMuzRV_UsPUoWKntt8\" aria-hidden=\"true\" src=\"data:image\/gif;base64,R0lGODlhAQABAAAAACH5BAEKAAEALAAAAAABAAEAAAICTAEAOw==\" class=\"lazyload\" data-load-mode=\"1\"><\/iframe>\n\t\t\t<a href=\"https:\/\/wa.me\/593981377119\" target=\"_self\" rel=\"noopener\">\n\t\t\t\t\t\tWhatsApp\n\t\t\t\t\t<\/a>\n\t\t\t<a href=\"https:\/\/www.instagram.com\/tagualodge_manglaralto\/\" target=\"_blank\" rel=\"noopener\">\n\t\t\t\t\t\tInstagram\n\t\t\t\t\t<\/a>\n\t\t\t\t<img decoding=\"async\" data-src=\"http:\/\/tagualodge.com\/wp-content\/uploads\/2021\/05\/De-la-plata-6-1.jpg\" alt=\"De-la-plata-6-1\" itemprop=\"image\" title=\"De-la-plata-6-1\" onerror=\"this.style.display='none'\" src=\"data:image\/gif;base64,R0lGODlhAQABAAAAACH5BAEKAAEALAAAAAABAAEAAAICTAEAOw==\" class=\"lazyload\" \/><noscript><img decoding=\"async\" src=\"http:\/\/tagualodge.com\/wp-content\/uploads\/2021\/05\/De-la-plata-6-1.jpg\" alt=\"De-la-plata-6-1\" itemprop=\"image\" title=\"De-la-plata-6-1\" onerror=\"this.style.display='none'\"  \/><\/noscript>\n\t<p>Considerado como un Mini Gal\u00e1pagos, es el primer atractivo turistico del Parque Nacional Machalilla. Ubicado a 40 Km de la costa de Puerto L\u00f3pez.<\/p>\n\t\t\t\t<img decoding=\"async\" data-src=\"http:\/\/tagualodge.com\/wp-content\/uploads\/2021\/05\/20201225-Manglaralto-SURF10-1024x683.jpg\" alt=\"20201225-Manglaralto-SURF10\" itemprop=\"image\" title=\"20201225-Manglaralto-SURF10\" onerror=\"this.style.display='none'\" src=\"data:image\/gif;base64,R0lGODlhAQABAAAAACH5BAEKAAEALAAAAAABAAEAAAICTAEAOw==\" class=\"lazyload\" style=\"--smush-placeholder-width: 1024px; --smush-placeholder-aspect-ratio: 1024\/683;\" \/><noscript><img decoding=\"async\" src=\"http:\/\/tagualodge.com\/wp-content\/uploads\/2021\/05\/20201225-Manglaralto-SURF10-1024x683.jpg\" alt=\"20201225-Manglaralto-SURF10\" itemprop=\"image\" title=\"20201225-Manglaralto-SURF10\" onerror=\"this.style.display='none'\"  \/><\/noscript>\n\tDisfruta de una excursi\u00f3n de surf guiada en los mejores lugares con nuestros amigos \u00c1lvaro y Anita.<br \/>\n<br \/>\n<a href=\"http:\/\/www.manglaralto-surf.com\">www.manglaralto-surf.com<\/a>\n\t\t\t\t<img decoding=\"async\" data-src=\"http:\/\/tagualodge.com\/wp-content\/uploads\/2021\/05\/20200312-DSC_0778-1024x683.jpg\" alt=\"20200312-DSC_0778\" itemprop=\"image\" title=\"20200312-DSC_0778\" onerror=\"this.style.display='none'\" src=\"data:image\/gif;base64,R0lGODlhAQABAAAAACH5BAEKAAEALAAAAAABAAEAAAICTAEAOw==\" class=\"lazyload\" style=\"--smush-placeholder-width: 1024px; --smush-placeholder-aspect-ratio: 1024\/683;\" \/><noscript><img decoding=\"async\" src=\"http:\/\/tagualodge.com\/wp-content\/uploads\/2021\/05\/20200312-DSC_0778-1024x683.jpg\" alt=\"20200312-DSC_0778\" itemprop=\"image\" title=\"20200312-DSC_0778\" onerror=\"this.style.display='none'\"  \/><\/noscript>\n\tViaje guiado a una cascada escondida y piscinas naturales.<br \/>\n Conecta con la naturaleza, la flora y la fauna.\n\t\t\t\t<img decoding=\"async\" data-src=\"http:\/\/tagualodge.com\/wp-content\/uploads\/2021\/05\/Buckerwal2-1024x640.jpg\" alt=\"Breaching humpback whale megaptera novaeangliae, Cabo San Lucas, Baja California.\" itemprop=\"image\" title=\"Breaching humpback whale megaptera novaeangliae\" onerror=\"this.style.display='none'\" src=\"data:image\/gif;base64,R0lGODlhAQABAAAAACH5BAEKAAEALAAAAAABAAEAAAICTAEAOw==\" class=\"lazyload\" style=\"--smush-placeholder-width: 1024px; --smush-placeholder-aspect-ratio: 1024\/640;\" \/><noscript><img decoding=\"async\" src=\"http:\/\/tagualodge.com\/wp-content\/uploads\/2021\/05\/Buckerwal2-1024x640.jpg\" alt=\"Breaching humpback whale megaptera novaeangliae, Cabo San Lucas, Baja California.\" itemprop=\"image\" title=\"Breaching humpback whale megaptera novaeangliae\" onerror=\"this.style.display='none'\"  \/><\/noscript>\n\t<p>Paseo en bote de avistamiento de ballenas Jorobadas entre Agosto y Octubre en Puerto L\u00f3pez.<\/p>\n\t\t\t\t<img loading=\"lazy\" decoding=\"async\" data-src=\"https:\/\/tagualodge.com\/wp-content\/uploads\/2022\/10\/valdivia-parque-marino-entrada.jpg\" alt=\"valdivia-parque-marino entrada\" itemprop=\"image\" height=\"412\" width=\"550\" title=\"valdivia-parque-marino entrada\" onerror=\"this.style.display='none'\" src=\"data:image\/gif;base64,R0lGODlhAQABAAAAACH5BAEKAAEALAAAAAABAAEAAAICTAEAOw==\" class=\"lazyload\" style=\"--smush-placeholder-width: 550px; --smush-placeholder-aspect-ratio: 550\/412;\" \/><noscript><img loading=\"lazy\" decoding=\"async\" src=\"https:\/\/tagualodge.com\/wp-content\/uploads\/2022\/10\/valdivia-parque-marino-entrada.jpg\" alt=\"valdivia-parque-marino entrada\" itemprop=\"image\" height=\"412\" width=\"550\" title=\"valdivia-parque-marino entrada\" onerror=\"this.style.display='none'\"  \/><\/noscript>\n\t<p>Es un centro de rescate de animales donde se puede observar diversas especies marinas.<\/p>\n\t\t\t\t<img decoding=\"async\" data-src=\"http:\/\/tagualodge.com\/wp-content\/uploads\/2021\/05\/IMG_20210514_121217-1024x739.jpg\" alt=\"default\" itemprop=\"image\" title=\"default\" onerror=\"this.style.display='none'\" src=\"data:image\/gif;base64,R0lGODlhAQABAAAAACH5BAEKAAEALAAAAAABAAEAAAICTAEAOw==\" class=\"lazyload\" style=\"--smush-placeholder-width: 1024px; --smush-placeholder-aspect-ratio: 1024\/739;\" \/><noscript><img decoding=\"async\" src=\"http:\/\/tagualodge.com\/wp-content\/uploads\/2021\/05\/IMG_20210514_121217-1024x739.jpg\" alt=\"default\" itemprop=\"image\" title=\"default\" onerror=\"this.style.display='none'\"  \/><\/noscript>\n\t<p>El Ocaso Bar en Manglaralto sirve las mejores bebidas y c\u00f3cteles frente a la playa.<\/p>\n\t<p><a href=\"https:\/\/www.airbnb.co.in\/rooms\/41340663?source_impression_id=p3_1605206808_OFR4ZVKyC42PsfGF&amp;guests=1&amp;adults=1\">\u00a0 \u00a0 \u00a0Airbnb<\/a><\/p>\n\t<p><a href=\"https:\/\/www.booking.com\/hotel\/ec\/tagualodge-hostel-manglaralto.en-gb.html?aid=356980;label=gog235jc-1DCAsoQUIddGFndWFsb2RnZS1ob3N0ZWwtbWFuZ2xhcmFsdG9IM1gDaEGIAQGYAQm4ARfIAQzYAQPoAQGIAgGoAgO4ApKDtv0FwAIB0gIkZWIyZDZhYWEtMzQ3YS00OGMxLWEyNDctMTg3MTdjMDllNDdm2AIE4AIB;dist=0&amp;keep_landing=1&amp;sb_price_type=total&amp;type=total&amp;\"><img loading=\"lazy\" decoding=\"async\" data-src=\"http:\/\/tagualodge.com\/wp-content\/uploads\/2020\/11\/download-2-1.png\" alt=\"\" width=\"34\" height=\"37\" src=\"data:image\/gif;base64,R0lGODlhAQABAAAAACH5BAEKAAEALAAAAAABAAEAAAICTAEAOw==\" class=\"lazyload\" style=\"--smush-placeholder-width: 34px; --smush-placeholder-aspect-ratio: 34\/37;\" \/><noscript><img loading=\"lazy\" decoding=\"async\" src=\"http:\/\/tagualodge.com\/wp-content\/uploads\/2020\/11\/download-2-1.png\" alt=\"\" width=\"34\" height=\"37\" \/><\/noscript>Booking<\/a><\/p>\n\t<p>Tagua Lodge<\/p>\n<p>Ecuador<\/p>\n\t<p>Calle 10 de Agosto y Flavio Alfaro<\/p>\n<p>Manglaralto, Santa Elena<\/p>\n\t<p>Tel: +593 (0)981377119<\/p>\n<p>Email: tagualodgehostel@gmail.com<\/p>","protected":false},"excerpt":{"rendered":"<p>Contact us! Book Now! Welcome to Tagua Lodge We invite you to enjoy a special world where hospitality in combination with typical elements of the region create a unique style achieving a cozy retreat. The atmosphere connects our guests with the nature and magic of the ocean. In the social areas you can enjoy the&hellip;<\/p>","protected":false},"author":3,"featured_media":642,"parent":0,"menu_order":0,"comment_status":"closed","ping_status":"closed","template":"","meta":{"footnotes":""},"class_list":["post-216","page","type-page","status-publish","has-post-thumbnail","hentry"],"yoast_head":"<!-- This site is optimized with the Yoast SEO plugin v23.7 - https:\/\/yoast.com\/wordpress\/plugins\/seo\/ -->\n<title>Tagua ~ Tagua Lodge<\/title>\n<meta name=\"robots\" content=\"index, follow, max-snippet:-1, max-image-preview:large, max-video-preview:-1\" \/>\n<link rel=\"canonical\" href=\"https:\/\/tagualodge.com\/es\/\" \/>\n<meta property=\"og:locale\" content=\"es_ES\" \/>\n<meta property=\"og:type\" content=\"article\" \/>\n<meta property=\"og:title\" content=\"Tagua Lodge Hostel - Manglaralto\" \/>\n<meta property=\"og:description\" content=\"We welcome you to Tagua Lodge Hostel in Manglaralto on the coast of Ecuador. Close to Montanita and Olon. We look forward to your visit.\" \/>\n<meta property=\"og:url\" content=\"https:\/\/tagualodge.com\/es\/\" \/>\n<meta property=\"og:site_name\" content=\"Tagua Lodge\" \/>\n<meta property=\"article:modified_time\" content=\"2024-10-24T13:54:39+00:00\" \/>\n<meta property=\"og:image\" content=\"https:\/\/tagualodge.com\/wp-content\/uploads\/2021\/05\/Tagua_-2-1.jpg\" \/>\n\t<meta property=\"og:image:width\" content=\"1024\" \/>\n\t<meta property=\"og:image:height\" content=\"678\" \/>\n\t<meta property=\"og:image:type\" content=\"image\/jpeg\" \/>\n<meta name=\"twitter:card\" content=\"summary_large_image\" \/>\n<meta name=\"twitter:label1\" content=\"Tiempo de lectura\" \/>\n\t<meta name=\"twitter:data1\" content=\"8 minutes\" \/>\n<script type=\"application\/ld+json\" class=\"yoast-schema-graph\">{\"@context\":\"https:\/\/schema.org\",\"@graph\":[{\"@type\":\"WebPage\",\"@id\":\"https:\/\/tagualodge.com\/\",\"url\":\"https:\/\/tagualodge.com\/\",\"name\":\"Tagua ~ Tagua Lodge\",\"isPartOf\":{\"@id\":\"https:\/\/tagualodge.com\/#website\"},\"primaryImageOfPage\":{\"@id\":\"https:\/\/tagualodge.com\/#primaryimage\"},\"image\":{\"@id\":\"https:\/\/tagualodge.com\/#primaryimage\"},\"thumbnailUrl\":\"https:\/\/tagualodge.com\/wp-content\/uploads\/2021\/05\/Tagua_-2-1.jpg\",\"datePublished\":\"2020-11-09T18:07:02+00:00\",\"dateModified\":\"2024-10-24T13:54:39+00:00\",\"breadcrumb\":{\"@id\":\"https:\/\/tagualodge.com\/#breadcrumb\"},\"inLanguage\":\"es-ES\",\"potentialAction\":[{\"@type\":\"ReadAction\",\"target\":[\"https:\/\/tagualodge.com\/\"]}]},{\"@type\":\"ImageObject\",\"inLanguage\":\"es-ES\",\"@id\":\"https:\/\/tagualodge.com\/#primaryimage\",\"url\":\"https:\/\/tagualodge.com\/wp-content\/uploads\/2021\/05\/Tagua_-2-1.jpg\",\"contentUrl\":\"https:\/\/tagualodge.com\/wp-content\/uploads\/2021\/05\/Tagua_-2-1.jpg\",\"width\":1024,\"height\":678},{\"@type\":\"BreadcrumbList\",\"@id\":\"https:\/\/tagualodge.com\/#breadcrumb\",\"itemListElement\":[{\"@type\":\"ListItem\",\"position\":1,\"name\":\"Home\",\"item\":\"https:\/\/tagualodge.com\/\"},{\"@type\":\"ListItem\",\"position\":2,\"name\":\"Tagua\"}]},{\"@type\":\"WebSite\",\"@id\":\"https:\/\/tagualodge.com\/#website\",\"url\":\"https:\/\/tagualodge.com\/\",\"name\":\"Tagua Lodge\",\"description\":\"Your home on the beach\",\"publisher\":{\"@id\":\"https:\/\/tagualodge.com\/#organization\"},\"potentialAction\":[{\"@type\":\"SearchAction\",\"target\":{\"@type\":\"EntryPoint\",\"urlTemplate\":\"https:\/\/tagualodge.com\/?s={search_term_string}\"},\"query-input\":{\"@type\":\"PropertyValueSpecification\",\"valueRequired\":true,\"valueName\":\"search_term_string\"}}],\"inLanguage\":\"es-ES\"},{\"@type\":\"Organization\",\"@id\":\"https:\/\/tagualodge.com\/#organization\",\"name\":\"Tagua Lodge Hostel\",\"url\":\"https:\/\/tagualodge.com\/\",\"logo\":{\"@type\":\"ImageObject\",\"inLanguage\":\"es-ES\",\"@id\":\"https:\/\/tagualodge.com\/#\/schema\/logo\/image\/\",\"url\":\"https:\/\/tagualodge.com\/wp-content\/uploads\/2020\/12\/LogoFinalTransblue.png\",\"contentUrl\":\"https:\/\/tagualodge.com\/wp-content\/uploads\/2020\/12\/LogoFinalTransblue.png\",\"width\":900,\"height\":900,\"caption\":\"Tagua Lodge Hostel\"},\"image\":{\"@id\":\"https:\/\/tagualodge.com\/#\/schema\/logo\/image\/\"}}]}<\/script>\n<!-- \/ Yoast SEO plugin. -->","yoast_head_json":{"title":"Tagua ~ Tagua Lodge","robots":{"index":"index","follow":"follow","max-snippet":"max-snippet:-1","max-image-preview":"max-image-preview:large","max-video-preview":"max-video-preview:-1"},"canonical":"https:\/\/tagualodge.com\/es\/","og_locale":"es_ES","og_type":"article","og_title":"Tagua Lodge Hostel - Manglaralto","og_description":"We welcome you to Tagua Lodge Hostel in Manglaralto on the coast of Ecuador. Close to Montanita and Olon. We look forward to your visit.","og_url":"https:\/\/tagualodge.com\/es\/","og_site_name":"Tagua Lodge","article_modified_time":"2024-10-24T13:54:39+00:00","og_image":[{"width":1024,"height":678,"url":"https:\/\/tagualodge.com\/wp-content\/uploads\/2021\/05\/Tagua_-2-1.jpg","type":"image\/jpeg"}],"twitter_card":"summary_large_image","twitter_misc":{"Tiempo de lectura":"8 minutes"},"schema":{"@context":"https:\/\/schema.org","@graph":[{"@type":"WebPage","@id":"https:\/\/tagualodge.com\/","url":"https:\/\/tagualodge.com\/","name":"Tagua ~ Tagua Lodge","isPartOf":{"@id":"https:\/\/tagualodge.com\/#website"},"primaryImageOfPage":{"@id":"https:\/\/tagualodge.com\/#primaryimage"},"image":{"@id":"https:\/\/tagualodge.com\/#primaryimage"},"thumbnailUrl":"https:\/\/tagualodge.com\/wp-content\/uploads\/2021\/05\/Tagua_-2-1.jpg","datePublished":"2020-11-09T18:07:02+00:00","dateModified":"2024-10-24T13:54:39+00:00","breadcrumb":{"@id":"https:\/\/tagualodge.com\/#breadcrumb"},"inLanguage":"es-ES","potentialAction":[{"@type":"ReadAction","target":["https:\/\/tagualodge.com\/"]}]},{"@type":"ImageObject","inLanguage":"es-ES","@id":"https:\/\/tagualodge.com\/#primaryimage","url":"https:\/\/tagualodge.com\/wp-content\/uploads\/2021\/05\/Tagua_-2-1.jpg","contentUrl":"https:\/\/tagualodge.com\/wp-content\/uploads\/2021\/05\/Tagua_-2-1.jpg","width":1024,"height":678},{"@type":"BreadcrumbList","@id":"https:\/\/tagualodge.com\/#breadcrumb","itemListElement":[{"@type":"ListItem","position":1,"name":"Home","item":"https:\/\/tagualodge.com\/"},{"@type":"ListItem","position":2,"name":"Tagua"}]},{"@type":"WebSite","@id":"https:\/\/tagualodge.com\/#website","url":"https:\/\/tagualodge.com\/","name":"Tagua Lodge","description":"Your home on the beach","publisher":{"@id":"https:\/\/tagualodge.com\/#organization"},"potentialAction":[{"@type":"SearchAction","target":{"@type":"EntryPoint","urlTemplate":"https:\/\/tagualodge.com\/?s={search_term_string}"},"query-input":{"@type":"PropertyValueSpecification","valueRequired":true,"valueName":"search_term_string"}}],"inLanguage":"es-ES"},{"@type":"Organization","@id":"https:\/\/tagualodge.com\/#organization","name":"Tagua Lodge Hostel","url":"https:\/\/tagualodge.com\/","logo":{"@type":"ImageObject","inLanguage":"es-ES","@id":"https:\/\/tagualodge.com\/#\/schema\/logo\/image\/","url":"https:\/\/tagualodge.com\/wp-content\/uploads\/2020\/12\/LogoFinalTransblue.png","contentUrl":"https:\/\/tagualodge.com\/wp-content\/uploads\/2020\/12\/LogoFinalTransblue.png","width":900,"height":900,"caption":"Tagua Lodge Hostel"},"image":{"@id":"https:\/\/tagualodge.com\/#\/schema\/logo\/image\/"}}]}},"_links":{"self":[{"href":"https:\/\/tagualodge.com\/es\/wp-json\/wp\/v2\/pages\/216"}],"collection":[{"href":"https:\/\/tagualodge.com\/es\/wp-json\/wp\/v2\/pages"}],"about":[{"href":"https:\/\/tagualodge.com\/es\/wp-json\/wp\/v2\/types\/page"}],"author":[{"embeddable":true,"href":"https:\/\/tagualodge.com\/es\/wp-json\/wp\/v2\/users\/3"}],"replies":[{"embeddable":true,"href":"https:\/\/tagualodge.com\/es\/wp-json\/wp\/v2\/comments?post=216"}],"version-history":[{"count":0,"href":"https:\/\/tagualodge.com\/es\/wp-json\/wp\/v2\/pages\/216\/revisions"}],"wp:featuredmedia":[{"embeddable":true,"href":"https:\/\/tagualodge.com\/es\/wp-json\/wp\/v2\/media\/642"}],"wp:attachment":[{"href":"https:\/\/tagualodge.com\/es\/wp-json\/wp\/v2\/media?parent=216"}],"curies":[{"name":"wp","href":"https:\/\/api.w.org\/{rel}","templated":true}]}}